{"id":820,"date":"2024-10-29T07:32:54","date_gmt":"2024-10-29T07:32:54","guid":{"rendered":"https:\/\/art-of-fine.com\/?page_id=820"},"modified":"2025-01-05T14:36:46","modified_gmt":"2025-01-05T14:36:46","slug":"protection-des-createurs","status":"publish","type":"page","link":"https:\/\/art-of-fine.com\/?page_id=820","title":{"rendered":"Protection des cr\u00e9ateurs \/ Protection of creators"},"content":{"rendered":"\n<h2 class=\"wp-block-heading has-text-align-center\">Protection des cr\u00e9ateurs<\/h2>\n\n\n\n<p><strong>Dans cette nouvelle \u00e8re num\u00e9rique, nous avons con\u00e7u un syst\u00e8me physique et \u00e9lectronique sophistiqu\u00e9 pour offrir une protection optimale aux cr\u00e9ateurs.<\/strong><\/p>\n\n\n\n<p>L&rsquo;importance de ce syst\u00e8me repose sur la valorisation de la cr\u00e9ativit\u00e9 humaine et sur la n\u00e9cessit\u00e9 de pr\u00e9venir les actes de contrefa\u00e7on ou de plagiat. Chaque cr\u00e9ation que nous exposons et vendons b\u00e9n\u00e9ficie d\u2019une protection rigoureuse. Cette d\u00e9marche garantit \u00e0 la fois l\u2019int\u00e9grit\u00e9 des \u0153uvres et leur tra\u00e7abilit\u00e9, tout en renfor\u00e7ant la confiance des acheteurs.<\/p>\n\n\n\n<p><strong>Une cr\u00e9ation prot\u00e9g\u00e9e constitue une double assurance.<\/strong><\/p>\n\n\n\n<p>Pour l&rsquo;acheteur, cela certifie l&rsquo;origine et l&rsquo;authenticit\u00e9 de son acquisition, un aspect fondamental dans un march\u00e9 o\u00f9 les imitations prolif\u00e8rent. L\u2019authenticit\u00e9 est non seulement une preuve de qualit\u00e9, mais aussi un moyen de pr\u00e9server la valeur culturelle et \u00e9motionnelle de l\u2019\u0153uvre. Pour le cr\u00e9ateur, cela assure le respect de ses droits d\u2019auteur, essentiels pour encourager l\u2019innovation et la production artistique.<\/p>\n\n\n\n<p><strong>En r\u00e9sum\u00e9, ce syst\u00e8me de protection constitue une avanc\u00e9e cruciale dans la valorisation et la s\u00e9curisation de l&rsquo;\u00e9conomie cr\u00e9ative.<\/strong><\/p>\n\n\n\n<p>Dans un monde interconnect\u00e9 o\u00f9 les \u00e9changes num\u00e9riques se multiplient, il devient primordial de prot\u00e9ger les droits des cr\u00e9ateurs tout en offrant aux consommateurs des garanties solides. C\u2019est un levier indispensable pour stimuler la cr\u00e9ation, \u00e9tablir des relations de confiance et construire un environnement commercial \u00e9thique et durable.<\/p>\n\n\n\n<p><strong><em>Pour plus d&rsquo;information, <a href=\"https:\/\/art-of-fine.com\/?page_id=241\" data-type=\"page\" data-id=\"241\">nous contacter<\/a>.<\/em><\/strong><\/p>\n\n\n\n<hr class=\"wp-block-separator has-alpha-channel-opacity\"\/>\n\n\n\n<h2 class=\"wp-block-heading has-text-align-center\">Protection of creators<\/h2>\n\n\n\n<p><strong>In this new digital era, we have designed a sophisticated physical and electronic system to offer optimal protection to creators.<\/strong><\/p>\n\n\n\n<p>The importance of this system is based on the valorization of human creativity and the need to prevent acts of counterfeiting or plagiarism. Each creation that we exhibit and sell benefits from rigorous protection. This approach guarantees both the integrity of the works and their traceability, while strengthening the confidence of buyers.<\/p>\n\n\n\n<p><strong>A protected creation constitutes a double insurance.<\/strong><\/p>\n\n\n\n<p>For the buyer, this certifies the origin and authenticity of their acquisition, a fundamental aspect in a market where imitations proliferate. Authenticity is not only proof of quality, but also a way to preserve the cultural and emotional value of the work. For the creator, it ensures the respect of their copyright, essential to encourage innovation and artistic production.<\/p>\n\n\n\n<p><strong>In summary, this protection system represents a crucial step forward in the valorization and security of the creative economy.<\/strong><\/p>\n\n\n\n<p>In an interconnected world where digital exchanges are multiplying, it is becoming essential to protect the rights of creators while offering consumers solid guarantees. It is an essential lever to stimulate creation, establish relationships of trust and build an ethical and sustainable business environment.<\/p>\n\n\n\n<p><strong><em>For more information, <a href=\"https:\/\/art-of-fine.com\/?page_id=241\" data-type=\"page\" data-id=\"241\">contact us<\/a>.<\/em><\/strong><\/p>\n","protected":false},"excerpt":{"rendered":"<p>Protection des cr\u00e9ateurs Dans cette nouvelle \u00e8re num\u00e9rique, nous avons con\u00e7u un syst\u00e8me physique et \u00e9lectronique sophistiqu\u00e9 pour offrir une protection optimale aux cr\u00e9ateurs. L&rsquo;importance de ce syst\u00e8me repose sur la valorisation de la cr\u00e9ativit\u00e9 humaine et sur la n\u00e9cessit\u00e9 de pr\u00e9venir les actes de contrefa\u00e7on ou de plagiat. Chaque cr\u00e9ation que nous exposons et [&hellip;]<\/p>\n","protected":false},"author":1,"featured_media":823,"parent":0,"menu_order":110,"comment_status":"closed","ping_status":"closed","template":"","meta":{"_acf_changed":false,"iawp_total_views":65,"footnotes":""},"class_list":["post-820","page","type-page","status-publish","has-post-thumbnail","hentry"],"acf":[],"_links":{"self":[{"href":"https:\/\/art-of-fine.com\/index.php?rest_route=\/wp\/v2\/pages\/820","targetHints":{"allow":["GET"]}}],"collection":[{"href":"https:\/\/art-of-fine.com\/index.php?rest_route=\/wp\/v2\/pages"}],"about":[{"href":"https:\/\/art-of-fine.com\/index.php?rest_route=\/wp\/v2\/types\/page"}],"author":[{"embeddable":true,"href":"https:\/\/art-of-fine.com\/index.php?rest_route=\/wp\/v2\/users\/1"}],"replies":[{"embeddable":true,"href":"https:\/\/art-of-fine.com\/index.php?rest_route=%2Fwp%2Fv2%2Fcomments&post=820"}],"version-history":[{"count":9,"href":"https:\/\/art-of-fine.com\/index.php?rest_route=\/wp\/v2\/pages\/820\/revisions"}],"predecessor-version":[{"id":1874,"href":"https:\/\/art-of-fine.com\/index.php?rest_route=\/wp\/v2\/pages\/820\/revisions\/1874"}],"wp:featuredmedia":[{"embeddable":true,"href":"https:\/\/art-of-fine.com\/index.php?rest_route=\/wp\/v2\/media\/823"}],"wp:attachment":[{"href":"https:\/\/art-of-fine.com\/index.php?rest_route=%2Fwp%2Fv2%2Fmedia&parent=820"}],"curies":[{"name":"wp","href":"https:\/\/api.w.org\/{rel}","templated":true}]}}