{"id":52,"date":"2024-10-11T09:19:26","date_gmt":"2024-10-11T09:19:26","guid":{"rendered":"https:\/\/art-of-fine.com\/?page_id=52"},"modified":"2024-10-24T16:48:54","modified_gmt":"2024-10-24T16:48:54","slug":"nouveau-contact","status":"publish","type":"page","link":"https:\/\/art-of-fine.com\/?page_id=52","title":{"rendered":"Restez en contact \/ Stay in touch"},"content":{"rendered":"\n<div class=\"wpcf7 no-js\" id=\"wpcf7-f4-o1\" lang=\"fr-FR\" dir=\"ltr\" data-wpcf7-id=\"4\">\n<div class=\"screen-reader-response\"><p role=\"status\" aria-live=\"polite\" aria-atomic=\"true\"><\/p> <ul><\/ul><\/div>\n<form action=\"\/index.php?rest_route=%2Fwp%2Fv2%2Fpages%2F52#wpcf7-f4-o1\" method=\"post\" class=\"wpcf7-form init\" aria-label=\"Formulaire de contact\" novalidate=\"novalidate\" data-status=\"init\">\n<fieldset class=\"hidden-fields-container\"><input type=\"hidden\" name=\"_wpcf7\" value=\"4\" \/><input type=\"hidden\" name=\"_wpcf7_version\" value=\"6.1.5\" \/><input type=\"hidden\" name=\"_wpcf7_locale\" value=\"fr_FR\" \/><input type=\"hidden\" name=\"_wpcf7_unit_tag\" value=\"wpcf7-f4-o1\" \/><input type=\"hidden\" name=\"_wpcf7_container_post\" value=\"0\" \/><input type=\"hidden\" name=\"_wpcf7_posted_data_hash\" value=\"\" \/>\n<\/fieldset>\n<p><i>*Champ obligatoire<\/i><br \/>\n<label> Pr\u00e9nom*<br \/>\n<span class=\"wpcf7-form-control-wrap\" data-name=\"your-name\"><input size=\"40\" maxlength=\"400\" class=\"wpcf7-form-control wpcf7-text wpcf7-validates-as-required\" autocomplete=\"name\" aria-required=\"true\" aria-invalid=\"false\" value=\"\" type=\"text\" name=\"your-name\" \/><\/span> <\/label>\n<\/p>\n<p><label> Nom*<br \/>\n<span class=\"wpcf7-form-control-wrap\" data-name=\"your-surname\"><input size=\"40\" maxlength=\"400\" class=\"wpcf7-form-control wpcf7-text wpcf7-validates-as-required\" autocomplete=\"surname\" aria-required=\"true\" aria-invalid=\"false\" value=\"\" type=\"text\" name=\"your-surname\" \/><\/span> <\/label>\n<\/p>\n<p><label> Votre e-mail*<br \/>\n<span class=\"wpcf7-form-control-wrap\" data-name=\"your-email\"><input size=\"40\" maxlength=\"400\" class=\"wpcf7-form-control wpcf7-email wpcf7-validates-as-required wpcf7-text wpcf7-validates-as-email\" autocomplete=\"email\" aria-required=\"true\" aria-invalid=\"false\" value=\"\" type=\"email\" name=\"your-email\" \/><\/span> <\/label>\n<\/p>\n<p><label> Votre N\u00b0t\u00e9l\u00e9phone (optionnel)<br \/>\n<span class=\"wpcf7-form-control-wrap\" data-name=\"your-phone\"><input size=\"40\" maxlength=\"400\" class=\"wpcf7-form-control wpcf7-tel wpcf7-text wpcf7-validates-as-tel\" aria-invalid=\"false\" value=\"\" type=\"tel\" name=\"your-phone\" \/><\/span> <\/label>\n<\/p>\n<p><label> Votre ville*<br \/>\n<span class=\"wpcf7-form-control-wrap\" data-name=\"your-city\"><input size=\"40\" maxlength=\"400\" class=\"wpcf7-form-control wpcf7-text wpcf7-validates-as-required\" autocomplete=\"city\" aria-required=\"true\" aria-invalid=\"false\" value=\"\" type=\"text\" name=\"your-city\" \/><\/span> <\/label><br \/>\n<span class=\"wpcf7-form-control-wrap\" data-name=\"your-country\"><select class=\"wpcf7-form-control wpcf7-select wpcf7-validates-as-required\" aria-required=\"true\" aria-invalid=\"false\" name=\"your-country\"><option value=\"Belgique\">Belgique<\/option><option value=\"France\">France<\/option><option value=\"Luxembourg\">Luxembourg<\/option><option value=\"UK\">UK<\/option><option value=\"Germany\">Germany<\/option><option value=\"Autre\">Autre<\/option><\/select><\/span>\n<\/p>\n<p><input class=\"wpcf7-form-control wpcf7-submit has-spinner\" type=\"submit\" value=\"Envoyer\" \/>\n<\/p><div class=\"wpcf7-response-output\" aria-hidden=\"true\"><\/div>\n<\/form>\n<\/div>\n\n\n\n\n<pre class=\"wp-block-preformatted\">Nous sommes soucieux du caract\u00e8re personnel de vos informations.<br>Vos informations nous permettrons de vous informer de nos prochains \u00e9v\u00e9nements ou ceux de nos cr\u00e9ateurs. Elles ne seront ni vendues, \u00e9chang\u00e9es ou partag\u00e9es.<br>Pour plus d\u2019informations ou pour l\u2019exercice de vos droits d\u2019acc\u00e8s, de rectification, d\u2019opposition et, le cas \u00e9ch\u00e9ant, de vos droits de portabilit\u00e9, de limitation ou d\u2019effacement, vous pouvez vous adresser par courriel \u00e0 : <a href=\"gdpr@art-of-fine.com\" data-type=\"link\" data-id=\"gdpr@art-of-fine.com\">gdpr@art-of-fine.com<\/a>. En cas d\u2019absence de r\u00e9ponse ou de contestation, vous disposez d\u2019un droit d\u2019introduire une r\u00e9clamation aupr\u00e8s de la Commission Nationale de l\u2019Informatique et des Libert\u00e9s (CNIL). \u00bb<br>_______________________________________________________________<br>We are concerned about the personal nature of your information.<br>Your information will allow us to inform you of our upcoming events or those of our creators. It will not be sold, exchanged or shared.<br>For more information or to exercise your rights of access, rectification, opposition and, where applicable, your rights of portability, limitation or erasure, you can contact us by email at: <a href=\"gdpr@art-of-fine.com\" data-type=\"link\" data-id=\"gdpr@art-of-fine.com\">gdpr@art-of-fine.com<\/a>. In the event of no response or dispute, you have the right to file a complaint with the National Commission for Information Technology and Civil Liberties (CNIL). \u00bb<\/pre>\n","protected":false},"excerpt":{"rendered":"<p>Nous sommes soucieux du caract\u00e8re personnel de vos informations.Vos informations nous permettrons de vous informer de nos prochains \u00e9v\u00e9nements ou ceux de nos cr\u00e9ateurs. Elles ne seront ni vendues, \u00e9chang\u00e9es ou partag\u00e9es.Pour plus d\u2019informations ou pour l\u2019exercice de vos droits d\u2019acc\u00e8s, de rectification, d\u2019opposition et, le cas \u00e9ch\u00e9ant, de vos droits de portabilit\u00e9, de limitation [&hellip;]<\/p>\n","protected":false},"author":1,"featured_media":0,"parent":0,"menu_order":801,"comment_status":"closed","ping_status":"closed","template":"","meta":{"_acf_changed":false,"iawp_total_views":8,"footnotes":"[]"},"class_list":["post-52","page","type-page","status-publish","hentry"],"acf":[],"_links":{"self":[{"href":"https:\/\/art-of-fine.com\/index.php?rest_route=\/wp\/v2\/pages\/52","targetHints":{"allow":["GET"]}}],"collection":[{"href":"https:\/\/art-of-fine.com\/index.php?rest_route=\/wp\/v2\/pages"}],"about":[{"href":"https:\/\/art-of-fine.com\/index.php?rest_route=\/wp\/v2\/types\/page"}],"author":[{"embeddable":true,"href":"https:\/\/art-of-fine.com\/index.php?rest_route=\/wp\/v2\/users\/1"}],"replies":[{"embeddable":true,"href":"https:\/\/art-of-fine.com\/index.php?rest_route=%2Fwp%2Fv2%2Fcomments&post=52"}],"version-history":[{"count":5,"href":"https:\/\/art-of-fine.com\/index.php?rest_route=\/wp\/v2\/pages\/52\/revisions"}],"predecessor-version":[{"id":76,"href":"https:\/\/art-of-fine.com\/index.php?rest_route=\/wp\/v2\/pages\/52\/revisions\/76"}],"wp:attachment":[{"href":"https:\/\/art-of-fine.com\/index.php?rest_route=%2Fwp%2Fv2%2Fmedia&parent=52"}],"curies":[{"name":"wp","href":"https:\/\/api.w.org\/{rel}","templated":true}]}}