{"id":1986,"date":"2025-01-22T22:05:20","date_gmt":"2025-01-22T22:05:20","guid":{"rendered":"https:\/\/art-of-fine.com\/?page_id=1986"},"modified":"2025-01-22T22:22:09","modified_gmt":"2025-01-22T22:22:09","slug":"martina-gulan-gallery-shells","status":"publish","type":"page","link":"https:\/\/art-of-fine.com\/?page_id=1986","title":{"rendered":"Martina GULAN &#8211; Gallery &#8211; Shells"},"content":{"rendered":"\n<div class=\"wp-block-group\"><div class=\"wp-block-group__inner-container is-layout-constrained wp-block-group-is-layout-constrained\">\n<div class=\"wp-block-columns is-layout-flex wp-container-core-columns-is-layout-9d6595d7 wp-block-columns-is-layout-flex\">\n<div class=\"wp-block-column is-layout-flow wp-block-column-is-layout-flow\"><div data-post-id=\"1991\" class=\"insert-page insert-page-1991 \">\n<p class=\"has-text-align-center\">\t\t<div id=\"album_gallery_1989\"\n\t\t\tclass=\"awp_center\">\n\t\t\t\t\t\t\t<div class=\" col-md-4 col-lg-4 col-sm-4 col-xs-6 \n\t\t\t\t\t\t\">\n\t\t\t\t\t\n\t\t\t\t\t\t\t<!-- Stacks Hover Effect -->\n\t\t\t\t\t\t\t<a href=\"https:\/\/art-of-fine.com\/wp-content\/uploads\/Chicoreus-steeriae_digital-print-scaled.jpg\t\t\t\t\t\" \t\t\t\t\t\t\t\tclass=\"swipebox-1989\" title=\"Chicoreus steeriae_digital print\">\n\t\t\t\t\t\t\t\t<div class=\"group\">\n\t\t\t\t\t\t\t\t\t<div class=\"stack twisted animated wobble\">\n\t\t\t\t\t\t\t\t\t\t<img decoding=\"async\" src=\"https:\/\/art-of-fine.com\/wp-content\/uploads\/Chicoreus-steeriae_digital-print-212x300.jpg\" alt=\"Chicoreus steeriae_digital print\">\n\t\t\t\t\t\t\t\t\t<\/div>\n\t\t\t\t\t\t\t\t<\/div>\n\t\t\t\t\t\t\t<\/a>\n\t\t\t\t\t\t\t\t\t<\/div>\n\t\t\t\t\t\t<\/div>\n\t\t<style>\n\t.awp_center {\n\t\ttext-align: center !important;\n\t}\n\n\t\t\t\t.fifth-effect .mask {\n\t\t\tborder: 100px solid rgba(0, 0, 0, 0.7);\n\t\t}\n\n\t\t.col-lg-12 .stack {\n\t\tmargin: 3% 36%;\n\t}\n\n\t.col-lg-12 .view {\n\t\tmargin: 5% 37%;\n\t}\n\n\t.col-lg-6 .stack {\n\t\tmargin: 6% 22%;\n\t}\n\n\t.col-lg-6 .view {\n\t\tmargin: 5% 22%;\n\t}\n\n\t.col-lg-4 .stack {\n\t\tmargin: 10% 7%;\n\t}\n\n\t.col-lg-4 .view {\n\t\tmargin: 5% 6%;\n\t}\n\n\t.col-lg-3 .stack {\n\t\tmargin: 15% 3%;\n\t}\n\n\t.col-lg-3 .view {\n\t\tmargin: 5% 1%;\n\t}\n\n\n\t\t\t.fifth-effect .mask {\n\t\t\tborder: 100px solid rgba(0, 0, 0, 0.7);\n\t\t}\n\n\t\t\t\t.fifth-effect .mask {\n\t\t\tborder: 100px solid rgba(0, 0, 0, 0.7);\n\t\t}\n\n\t\t.view {\n\t\t\t\t\tmargin: 0 0 5% 0%;\n\t\t\t\n\t\t\t\t\tmargin: 5% 0%;\n\t\t\t\t}\n\n\t.mask {\n\t\tcursor: pointer;\n\t}\n<\/style>\n<script type=\"application\/javascript\">\n\tjQuery(document).ready(function () {\n\t\t\/\/ PhotoBox\n\t\tjQuery('#album_gallery_1989').photobox('a');\n\t\t\/\/ or with a fancier selector and some settings, and a callback:\n\t\tjQuery('#album_gallery_1989').photobox('a:first', { thumbs: false, time: 0 }, imageLoaded);\n\t\tfunction imageLoaded() {\n\t\t\tconsole.log('image has been loaded...');\n\t\t}\n\n\n\t\t\/\/Isotope function for masonary\n\t\tvar $grid = jQuery('.album_gallery_main').isotope({\n\t\t\t\/\/ options...\n\t\t\titemSelector: '.album_gallery_single',\n\t\t});\n\t\t\/\/ layout Isotope after each image loads\n\t\t$grid.imagesLoaded().progress(function () {\n\t\t\t$grid.isotope('layout');\n\t\t});\n\t});\n<\/script><\/p>\n\n\n\n<h5 class=\"wp-block-heading has-text-align-center\"><strong>Chicoreus steeriae<\/strong><\/h5>\n\n\n\n<p class=\"has-text-align-center\">Impression num\u00e9rique \/ Digital print<br>A4<br><div data-post-id=\"547\" class=\"insert-page insert-page-547 \">\n<div class=\"wp-block-columns is-layout-flex wp-container-core-columns-is-layout-9d6595d7 wp-block-columns-is-layout-flex\">\n<div class=\"wp-block-column is-layout-flow wp-block-column-is-layout-flow\" style=\"flex-basis:66.66%\">\n<p class=\"has-text-align-right\" style=\"font-size:8px\"><a href=\"https:\/\/art-of-fine.com\/?page_id=820\" data-type=\"page\" data-id=\"820\">Cette cr\u00e9ation est prot\u00e9g\u00e9e avec<br>This creation is protected by<\/a><\/p>\n<\/div>\n\n\n\n<div class=\"wp-block-column is-layout-flow wp-block-column-is-layout-flow\" style=\"flex-basis:33.33%\"><div class=\"wp-block-image\">\n<figure class=\"alignleft size-thumbnail is-resized\"><img loading=\"lazy\" decoding=\"async\" width=\"150\" height=\"150\" src=\"https:\/\/art-of-fine.com\/wp-content\/uploads\/Art-of-Fine-Secure-300x300-1-150x150.gif\" alt=\"\" class=\"wp-image-823\" style=\"width:30px\"\/><\/figure>\n<\/div><\/div>\n<\/div>\n<\/div><\/p>\n\n\n\n<figure class=\"wp-block-pullquote\"><blockquote><p>\u00a9 <a href=\"https:\/\/art-of-fine.com\/?page_id=46\" data-type=\"page\" data-id=\"46\"><strong>Martina Gulan<\/strong><\/a><\/p><\/blockquote><\/figure>\n<\/div>\n\n\n<div data-post-id=\"2002\" class=\"insert-page insert-page-2002 \"><\/p>\n<p class=\"has-text-align-center\">\t\t<div id=\"album_gallery_2000\"\n\t\t\tclass=\"awp_center\">\n\t\t\t\t\t\t\t<div class=\" col-md-4 col-lg-4 col-sm-4 col-xs-6 \n\t\t\t\t\t\t\">\n\t\t\t\t\t\n\t\t\t\t\t\t\t<!-- Stacks Hover Effect -->\n\t\t\t\t\t\t\t<a href=\"https:\/\/art-of-fine.com\/wp-content\/uploads\/Hexaplex-trunculus_digital-print-scaled.jpg\t\t\t\t\t\" \t\t\t\t\t\t\t\tclass=\"swipebox-2000\" title=\"Hexaplex trunculus_digital print\">\n\t\t\t\t\t\t\t\t<div class=\"group\">\n\t\t\t\t\t\t\t\t\t<div class=\"stack twisted animated wobble\">\n\t\t\t\t\t\t\t\t\t\t<img decoding=\"async\" src=\"https:\/\/art-of-fine.com\/wp-content\/uploads\/Hexaplex-trunculus_digital-print-212x300.jpg\" alt=\"Hexaplex trunculus_digital print\">\n\t\t\t\t\t\t\t\t\t<\/div>\n\t\t\t\t\t\t\t\t<\/div>\n\t\t\t\t\t\t\t<\/a>\n\t\t\t\t\t\t\t\t\t<\/div>\n\t\t\t\t\t\t<\/div>\n\t\t<style>\n\t.awp_center {\n\t\ttext-align: center !important;\n\t}\n\n\t\t\t\t.fifth-effect .mask {\n\t\t\tborder: 100px solid rgba(0, 0, 0, 0.7);\n\t\t}\n\n\t\t.col-lg-12 .stack {\n\t\tmargin: 3% 36%;\n\t}\n\n\t.col-lg-12 .view {\n\t\tmargin: 5% 37%;\n\t}\n\n\t.col-lg-6 .stack {\n\t\tmargin: 6% 22%;\n\t}\n\n\t.col-lg-6 .view {\n\t\tmargin: 5% 22%;\n\t}\n\n\t.col-lg-4 .stack {\n\t\tmargin: 10% 7%;\n\t}\n\n\t.col-lg-4 .view {\n\t\tmargin: 5% 6%;\n\t}\n\n\t.col-lg-3 .stack {\n\t\tmargin: 15% 3%;\n\t}\n\n\t.col-lg-3 .view {\n\t\tmargin: 5% 1%;\n\t}\n\n\n\t\t\t.fifth-effect .mask {\n\t\t\tborder: 100px solid rgba(0, 0, 0, 0.7);\n\t\t}\n\n\t\t\t\t.fifth-effect .mask {\n\t\t\tborder: 100px solid rgba(0, 0, 0, 0.7);\n\t\t}\n\n\t\t.view {\n\t\t\t\t\tmargin: 0 0 5% 0%;\n\t\t\t\n\t\t\t\t\tmargin: 5% 0%;\n\t\t\t\t}\n\n\t.mask {\n\t\tcursor: pointer;\n\t}\n<\/style>\n<script type=\"application\/javascript\">\n\tjQuery(document).ready(function () {\n\t\t\/\/ PhotoBox\n\t\tjQuery('#album_gallery_2000').photobox('a');\n\t\t\/\/ or with a fancier selector and some settings, and a callback:\n\t\tjQuery('#album_gallery_2000').photobox('a:first', { thumbs: false, time: 0 }, imageLoaded);\n\t\tfunction imageLoaded() {\n\t\t\tconsole.log('image has been loaded...');\n\t\t}\n\n\n\t\t\/\/Isotope function for masonary\n\t\tvar $grid = jQuery('.album_gallery_main').isotope({\n\t\t\t\/\/ options...\n\t\t\titemSelector: '.album_gallery_single',\n\t\t});\n\t\t\/\/ layout Isotope after each image loads\n\t\t$grid.imagesLoaded().progress(function () {\n\t\t\t$grid.isotope('layout');\n\t\t});\n\t});\n<\/script><\/p>\n<\/p>\n<h5 class=\"wp-block-heading has-text-align-center\"><strong>Hexaplex trunculus<\/strong><\/h5>\n<\/p>\n<p class=\"has-text-align-center\">Impression num\u00e9rique \/ Digital print<br \/>A4<br \/><div data-post-id=\"547\" class=\"insert-page insert-page-547 \"><div class=\"wp-block-columns is-layout-flex wp-container-core-columns-is-layout-9d6595d7 wp-block-columns-is-layout-flex\">\n<div class=\"wp-block-column is-layout-flow wp-block-column-is-layout-flow\" style=\"flex-basis:66.66%\">\n<p class=\"has-text-align-right\" style=\"font-size:8px\"><a href=\"https:\/\/art-of-fine.com\/?page_id=820\" data-type=\"page\" data-id=\"820\">Cette cr\u00e9ation est prot\u00e9g\u00e9e avec<br \/>This creation is protected by<\/a><\/p>\n<\/div>\n<div class=\"wp-block-column is-layout-flow wp-block-column-is-layout-flow\" style=\"flex-basis:33.33%\">\n<div class=\"wp-block-image\">\n<figure class=\"alignleft size-thumbnail is-resized\"><img loading=\"lazy\" decoding=\"async\" width=\"150\" height=\"150\" src=\"https:\/\/art-of-fine.com\/wp-content\/uploads\/Art-of-Fine-Secure-300x300-1-150x150.gif\" alt=\"\" class=\"wp-image-823\" style=\"width:30px\"\/><\/figure>\n<\/div>\n<\/div>\n<\/div>\n<\/div><\/p>\n<\/p>\n<figure class=\"wp-block-pullquote\">\n<blockquote>\n<p>\u00a9 <a href=\"https:\/\/art-of-fine.com\/?page_id=46\" data-type=\"page\" data-id=\"46\"><strong>Martina Gulan<\/strong><\/a><\/p>\n<\/blockquote>\n<\/figure>\n<\/div>\n\n\n<div data-post-id=\"2011\" class=\"insert-page insert-page-2011 \"><p class=\"has-text-align-center\">\t\t<div id=\"album_gallery_2013\"\n\t\t\tclass=\"awp_center\">\n\t\t\t\t\t\t\t<div class=\" col-md-4 col-lg-4 col-sm-4 col-xs-6 \n\t\t\t\t\t\t\">\n\t\t\t\t\t\n\t\t\t\t\t\t\t<!-- Stacks Hover Effect -->\n\t\t\t\t\t\t\t<a href=\"https:\/\/art-of-fine.com\/wp-content\/uploads\/Pecten-jacobaeaus_digital-print-scaled.jpg\t\t\t\t\t\" \t\t\t\t\t\t\t\tclass=\"swipebox-2013\" title=\"Pecten jacobaeaus_digital print\">\n\t\t\t\t\t\t\t\t<div class=\"group\">\n\t\t\t\t\t\t\t\t\t<div class=\"stack twisted animated wobble\">\n\t\t\t\t\t\t\t\t\t\t<img decoding=\"async\" src=\"https:\/\/art-of-fine.com\/wp-content\/uploads\/Pecten-jacobaeaus_digital-print-212x300.jpg\" alt=\"Pecten jacobaeaus_digital print\">\n\t\t\t\t\t\t\t\t\t<\/div>\n\t\t\t\t\t\t\t\t<\/div>\n\t\t\t\t\t\t\t<\/a>\n\t\t\t\t\t\t\t\t\t<\/div>\n\t\t\t\t\t\t<\/div>\n\t\t<style>\n\t.awp_center {\n\t\ttext-align: center !important;\n\t}\n\n\t\t\t\t.fifth-effect .mask {\n\t\t\tborder: 100px solid rgba(0, 0, 0, 0.7);\n\t\t}\n\n\t\t.col-lg-12 .stack {\n\t\tmargin: 3% 36%;\n\t}\n\n\t.col-lg-12 .view {\n\t\tmargin: 5% 37%;\n\t}\n\n\t.col-lg-6 .stack {\n\t\tmargin: 6% 22%;\n\t}\n\n\t.col-lg-6 .view {\n\t\tmargin: 5% 22%;\n\t}\n\n\t.col-lg-4 .stack {\n\t\tmargin: 10% 7%;\n\t}\n\n\t.col-lg-4 .view {\n\t\tmargin: 5% 6%;\n\t}\n\n\t.col-lg-3 .stack {\n\t\tmargin: 15% 3%;\n\t}\n\n\t.col-lg-3 .view {\n\t\tmargin: 5% 1%;\n\t}\n\n\n\t\t\t.fifth-effect .mask {\n\t\t\tborder: 100px solid rgba(0, 0, 0, 0.7);\n\t\t}\n\n\t\t\t\t.fifth-effect .mask {\n\t\t\tborder: 100px solid rgba(0, 0, 0, 0.7);\n\t\t}\n\n\t\t.view {\n\t\t\t\t\tmargin: 0 0 5% 0%;\n\t\t\t\n\t\t\t\t\tmargin: 5% 0%;\n\t\t\t\t}\n\n\t.mask {\n\t\tcursor: pointer;\n\t}\n<\/style>\n<script type=\"application\/javascript\">\n\tjQuery(document).ready(function () {\n\t\t\/\/ PhotoBox\n\t\tjQuery('#album_gallery_2013').photobox('a');\n\t\t\/\/ or with a fancier selector and some settings, and a callback:\n\t\tjQuery('#album_gallery_2013').photobox('a:first', { thumbs: false, time: 0 }, imageLoaded);\n\t\tfunction imageLoaded() {\n\t\t\tconsole.log('image has been loaded...');\n\t\t}\n\n\n\t\t\/\/Isotope function for masonary\n\t\tvar $grid = jQuery('.album_gallery_main').isotope({\n\t\t\t\/\/ options...\n\t\t\titemSelector: '.album_gallery_single',\n\t\t});\n\t\t\/\/ layout Isotope after each image loads\n\t\t$grid.imagesLoaded().progress(function () {\n\t\t\t$grid.isotope('layout');\n\t\t});\n\t});\n<\/script><\/p>\n<h5 class=\"wp-block-heading has-text-align-center\"><strong>Pecten jacobaeaus<\/strong><\/h5>\n<p class=\"has-text-align-center\">Impression num\u00e9rique \/ Digital print<br \/>A4<br \/><div data-post-id=\"547\" class=\"insert-page insert-page-547 \"><div class=\"wp-block-columns is-layout-flex wp-container-core-columns-is-layout-9d6595d7 wp-block-columns-is-layout-flex\">\n<div class=\"wp-block-column is-layout-flow wp-block-column-is-layout-flow\" style=\"flex-basis:66.66%\">\n<p class=\"has-text-align-right\" style=\"font-size:8px\"><a href=\"https:\/\/art-of-fine.com\/?page_id=820\" data-type=\"page\" data-id=\"820\">Cette cr\u00e9ation est prot\u00e9g\u00e9e avec<br \/>This creation is protected by<\/a><\/p>\n<\/div>\n<div class=\"wp-block-column is-layout-flow wp-block-column-is-layout-flow\" style=\"flex-basis:33.33%\">\n<div class=\"wp-block-image\">\n<figure class=\"alignleft size-thumbnail is-resized\"><img loading=\"lazy\" decoding=\"async\" width=\"150\" height=\"150\" src=\"https:\/\/art-of-fine.com\/wp-content\/uploads\/Art-of-Fine-Secure-300x300-1-150x150.gif\" alt=\"\" class=\"wp-image-823\" style=\"width:30px\"\/><\/figure>\n<\/div>\n<\/div>\n<\/div>\n<\/div><\/p>\n<figure class=\"wp-block-pullquote\">\n<blockquote>\n<p>\u00a9 <a href=\"https:\/\/art-of-fine.com\/?page_id=46\" data-type=\"page\" data-id=\"46\"><strong>Martina Gulan<\/strong><\/a><\/p>\n<\/blockquote>\n<\/figure>\n<\/div>\n<\/div>\n\n\n\n<div class=\"wp-block-column is-layout-flow wp-block-column-is-layout-flow\"><div data-post-id=\"1997\" class=\"insert-page insert-page-1997 \"><p class=\"has-text-align-center\">\t\t<div id=\"album_gallery_1995\"\n\t\t\tclass=\"awp_center\">\n\t\t\t\t\t\t\t<div class=\" col-md-4 col-lg-4 col-sm-4 col-xs-6 \n\t\t\t\t\t\t\">\n\t\t\t\t\t\n\t\t\t\t\t\t\t<!-- Stacks Hover Effect -->\n\t\t\t\t\t\t\t<a href=\"https:\/\/art-of-fine.com\/wp-content\/uploads\/Engina-leucozona_digital-print-scaled.jpg\t\t\t\t\t\" \t\t\t\t\t\t\t\tclass=\"swipebox-1995\" title=\"Engina leucozona_digital print\">\n\t\t\t\t\t\t\t\t<div class=\"group\">\n\t\t\t\t\t\t\t\t\t<div class=\"stack twisted animated wobble\">\n\t\t\t\t\t\t\t\t\t\t<img decoding=\"async\" src=\"https:\/\/art-of-fine.com\/wp-content\/uploads\/Engina-leucozona_digital-print-212x300.jpg\" alt=\"Engina leucozona_digital print\">\n\t\t\t\t\t\t\t\t\t<\/div>\n\t\t\t\t\t\t\t\t<\/div>\n\t\t\t\t\t\t\t<\/a>\n\t\t\t\t\t\t\t\t\t<\/div>\n\t\t\t\t\t\t<\/div>\n\t\t<style>\n\t.awp_center {\n\t\ttext-align: center !important;\n\t}\n\n\t\t\t\t.fifth-effect .mask {\n\t\t\tborder: 100px solid rgba(0, 0, 0, 0.7);\n\t\t}\n\n\t\t.col-lg-12 .stack {\n\t\tmargin: 3% 36%;\n\t}\n\n\t.col-lg-12 .view {\n\t\tmargin: 5% 37%;\n\t}\n\n\t.col-lg-6 .stack {\n\t\tmargin: 6% 22%;\n\t}\n\n\t.col-lg-6 .view {\n\t\tmargin: 5% 22%;\n\t}\n\n\t.col-lg-4 .stack {\n\t\tmargin: 10% 7%;\n\t}\n\n\t.col-lg-4 .view {\n\t\tmargin: 5% 6%;\n\t}\n\n\t.col-lg-3 .stack {\n\t\tmargin: 15% 3%;\n\t}\n\n\t.col-lg-3 .view {\n\t\tmargin: 5% 1%;\n\t}\n\n\n\t\t\t.fifth-effect .mask {\n\t\t\tborder: 100px solid rgba(0, 0, 0, 0.7);\n\t\t}\n\n\t\t\t\t.fifth-effect .mask {\n\t\t\tborder: 100px solid rgba(0, 0, 0, 0.7);\n\t\t}\n\n\t\t.view {\n\t\t\t\t\tmargin: 0 0 5% 0%;\n\t\t\t\n\t\t\t\t\tmargin: 5% 0%;\n\t\t\t\t}\n\n\t.mask {\n\t\tcursor: pointer;\n\t}\n<\/style>\n<script type=\"application\/javascript\">\n\tjQuery(document).ready(function () {\n\t\t\/\/ PhotoBox\n\t\tjQuery('#album_gallery_1995').photobox('a');\n\t\t\/\/ or with a fancier selector and some settings, and a callback:\n\t\tjQuery('#album_gallery_1995').photobox('a:first', { thumbs: false, time: 0 }, imageLoaded);\n\t\tfunction imageLoaded() {\n\t\t\tconsole.log('image has been loaded...');\n\t\t}\n\n\n\t\t\/\/Isotope function for masonary\n\t\tvar $grid = jQuery('.album_gallery_main').isotope({\n\t\t\t\/\/ options...\n\t\t\titemSelector: '.album_gallery_single',\n\t\t});\n\t\t\/\/ layout Isotope after each image loads\n\t\t$grid.imagesLoaded().progress(function () {\n\t\t\t$grid.isotope('layout');\n\t\t});\n\t});\n<\/script><\/p>\n<h5 class=\"wp-block-heading has-text-align-center\"><strong>Engina leucozona<\/strong><\/h5>\n<p class=\"has-text-align-center\">Impression num\u00e9rique \/ Digital print<br \/>A4<\/p>\n<p class=\"has-text-align-center\"><div data-post-id=\"547\" class=\"insert-page insert-page-547 \"><div class=\"wp-block-columns is-layout-flex wp-container-core-columns-is-layout-9d6595d7 wp-block-columns-is-layout-flex\">\n<div class=\"wp-block-column is-layout-flow wp-block-column-is-layout-flow\" style=\"flex-basis:66.66%\">\n<p class=\"has-text-align-right\" style=\"font-size:8px\"><a href=\"https:\/\/art-of-fine.com\/?page_id=820\" data-type=\"page\" data-id=\"820\">Cette cr\u00e9ation est prot\u00e9g\u00e9e avec<br \/>This creation is protected by<\/a><\/p>\n<\/div>\n<div class=\"wp-block-column is-layout-flow wp-block-column-is-layout-flow\" style=\"flex-basis:33.33%\">\n<div class=\"wp-block-image\">\n<figure class=\"alignleft size-thumbnail is-resized\"><img loading=\"lazy\" decoding=\"async\" width=\"150\" height=\"150\" src=\"https:\/\/art-of-fine.com\/wp-content\/uploads\/Art-of-Fine-Secure-300x300-1-150x150.gif\" alt=\"\" class=\"wp-image-823\" style=\"width:30px\"\/><\/figure>\n<\/div>\n<\/div>\n<\/div>\n<\/div><\/p>\n<figure class=\"wp-block-pullquote\">\n<blockquote>\n<p>\u00a9 <a href=\"https:\/\/art-of-fine.com\/?page_id=46\" data-type=\"page\" data-id=\"46\"><strong>Martina Gulan<\/strong><\/a><\/p>\n<\/blockquote>\n<\/figure>\n<\/div>\n\n\n<div data-post-id=\"2006\" class=\"insert-page insert-page-2006 \"><p class=\"has-text-align-center\">\t\t<div id=\"album_gallery_2008\"\n\t\t\tclass=\"awp_center\">\n\t\t\t\t\t\t\t<div class=\" col-md-4 col-lg-4 col-sm-4 col-xs-6 \n\t\t\t\t\t\t\">\n\t\t\t\t\t\n\t\t\t\t\t\t\t<!-- Stacks Hover Effect -->\n\t\t\t\t\t\t\t<a href=\"https:\/\/art-of-fine.com\/wp-content\/uploads\/Nautilus-pompilius_digital-print-scaled.jpg\t\t\t\t\t\" \t\t\t\t\t\t\t\tclass=\"swipebox-2008\" title=\"Nautilus pompilius_digital print\">\n\t\t\t\t\t\t\t\t<div class=\"group\">\n\t\t\t\t\t\t\t\t\t<div class=\"stack twisted animated wobble\">\n\t\t\t\t\t\t\t\t\t\t<img decoding=\"async\" src=\"https:\/\/art-of-fine.com\/wp-content\/uploads\/Nautilus-pompilius_digital-print-212x300.jpg\" alt=\"Nautilus pompilius_digital print\">\n\t\t\t\t\t\t\t\t\t<\/div>\n\t\t\t\t\t\t\t\t<\/div>\n\t\t\t\t\t\t\t<\/a>\n\t\t\t\t\t\t\t\t\t<\/div>\n\t\t\t\t\t\t<\/div>\n\t\t<style>\n\t.awp_center {\n\t\ttext-align: center !important;\n\t}\n\n\t\t\t\t.fifth-effect .mask {\n\t\t\tborder: 100px solid rgba(0, 0, 0, 0.7);\n\t\t}\n\n\t\t.col-lg-12 .stack {\n\t\tmargin: 3% 36%;\n\t}\n\n\t.col-lg-12 .view {\n\t\tmargin: 5% 37%;\n\t}\n\n\t.col-lg-6 .stack {\n\t\tmargin: 6% 22%;\n\t}\n\n\t.col-lg-6 .view {\n\t\tmargin: 5% 22%;\n\t}\n\n\t.col-lg-4 .stack {\n\t\tmargin: 10% 7%;\n\t}\n\n\t.col-lg-4 .view {\n\t\tmargin: 5% 6%;\n\t}\n\n\t.col-lg-3 .stack {\n\t\tmargin: 15% 3%;\n\t}\n\n\t.col-lg-3 .view {\n\t\tmargin: 5% 1%;\n\t}\n\n\n\t\t\t.fifth-effect .mask {\n\t\t\tborder: 100px solid rgba(0, 0, 0, 0.7);\n\t\t}\n\n\t\t\t\t.fifth-effect .mask {\n\t\t\tborder: 100px solid rgba(0, 0, 0, 0.7);\n\t\t}\n\n\t\t.view {\n\t\t\t\t\tmargin: 0 0 5% 0%;\n\t\t\t\n\t\t\t\t\tmargin: 5% 0%;\n\t\t\t\t}\n\n\t.mask {\n\t\tcursor: pointer;\n\t}\n<\/style>\n<script type=\"application\/javascript\">\n\tjQuery(document).ready(function () {\n\t\t\/\/ PhotoBox\n\t\tjQuery('#album_gallery_2008').photobox('a');\n\t\t\/\/ or with a fancier selector and some settings, and a callback:\n\t\tjQuery('#album_gallery_2008').photobox('a:first', { thumbs: false, time: 0 }, imageLoaded);\n\t\tfunction imageLoaded() {\n\t\t\tconsole.log('image has been loaded...');\n\t\t}\n\n\n\t\t\/\/Isotope function for masonary\n\t\tvar $grid = jQuery('.album_gallery_main').isotope({\n\t\t\t\/\/ options...\n\t\t\titemSelector: '.album_gallery_single',\n\t\t});\n\t\t\/\/ layout Isotope after each image loads\n\t\t$grid.imagesLoaded().progress(function () {\n\t\t\t$grid.isotope('layout');\n\t\t});\n\t});\n<\/script><\/p>\n<h5 class=\"wp-block-heading has-text-align-center\"><strong>Nautilus pompilius<\/strong><\/h5>\n<p class=\"has-text-align-center\">Impression num\u00e9rique \/ Digital print<br \/>A4<br \/><div data-post-id=\"547\" class=\"insert-page insert-page-547 \"><div class=\"wp-block-columns is-layout-flex wp-container-core-columns-is-layout-9d6595d7 wp-block-columns-is-layout-flex\">\n<div class=\"wp-block-column is-layout-flow wp-block-column-is-layout-flow\" style=\"flex-basis:66.66%\">\n<p class=\"has-text-align-right\" style=\"font-size:8px\"><a href=\"https:\/\/art-of-fine.com\/?page_id=820\" data-type=\"page\" data-id=\"820\">Cette cr\u00e9ation est prot\u00e9g\u00e9e avec<br \/>This creation is protected by<\/a><\/p>\n<\/div>\n<div class=\"wp-block-column is-layout-flow wp-block-column-is-layout-flow\" style=\"flex-basis:33.33%\">\n<div class=\"wp-block-image\">\n<figure class=\"alignleft size-thumbnail is-resized\"><img loading=\"lazy\" decoding=\"async\" width=\"150\" height=\"150\" src=\"https:\/\/art-of-fine.com\/wp-content\/uploads\/Art-of-Fine-Secure-300x300-1-150x150.gif\" alt=\"\" class=\"wp-image-823\" style=\"width:30px\"\/><\/figure>\n<\/div>\n<\/div>\n<\/div>\n<\/div><\/p>\n<figure class=\"wp-block-pullquote\">\n<blockquote>\n<p>\u00a9 <a href=\"https:\/\/art-of-fine.com\/?page_id=46\" data-type=\"page\" data-id=\"46\"><strong>Martina Gulan<\/strong><\/a><\/p>\n<\/blockquote>\n<\/figure>\n<\/div>\n\n\n<div data-post-id=\"2022\" class=\"insert-page insert-page-2022 \"><p class=\"has-text-align-center\">\t\t<div id=\"album_gallery_2024\"\n\t\t\tclass=\"awp_center\">\n\t\t\t\t\t\t\t<div class=\" col-md-4 col-lg-4 col-sm-4 col-xs-6 \n\t\t\t\t\t\t\">\n\t\t\t\t\t\t\t\t\t\t\t<!-- None Effect -->\n\t\t\t\t\t\t<a href=\"\n\t\t\t\t\thttps:\/\/art-of-fine.com\/wp-content\/uploads\/Trophon-geversianus_digital-print-scaled.jpg\t\t\t\t\t\" \t\t\t\t\t\t\tclass=\"swipebox-2024\" title=\"Trophon geversianus_digital print\">\n\t\t\t\t\t\t\t<img decoding=\"async\" src=\"https:\/\/art-of-fine.com\/wp-content\/uploads\/Trophon-geversianus_digital-print-212x300.jpg\" class=\"animated none\"\n\t\t\t\t\t\t\t\talt=\"Trophon geversianus_digital print\">\n\t\t\t\t\t\t<\/a>\n\t\t\t\t\t\t\t\t\t<\/div>\n\t\t\t\t\t\t<\/div>\n\t\t<style>\n\t.awp_center {\n\t\ttext-align: center !important;\n\t}\n\n\t\t\t\t.fifth-effect .mask {\n\t\t\tborder: 100px solid rgba(0, 0, 0, 0.7);\n\t\t}\n\n\t\t.col-lg-12 .stack {\n\t\tmargin: 3% 36%;\n\t}\n\n\t.col-lg-12 .view {\n\t\tmargin: 5% 37%;\n\t}\n\n\t.col-lg-6 .stack {\n\t\tmargin: 6% 22%;\n\t}\n\n\t.col-lg-6 .view {\n\t\tmargin: 5% 22%;\n\t}\n\n\t.col-lg-4 .stack {\n\t\tmargin: 10% 7%;\n\t}\n\n\t.col-lg-4 .view {\n\t\tmargin: 5% 6%;\n\t}\n\n\t.col-lg-3 .stack {\n\t\tmargin: 15% 3%;\n\t}\n\n\t.col-lg-3 .view {\n\t\tmargin: 5% 1%;\n\t}\n\n\n\t\t\t.fifth-effect .mask {\n\t\t\tborder: 100px solid rgba(0, 0, 0, 0.7);\n\t\t}\n\n\t\t\t\t.fifth-effect .mask {\n\t\t\tborder: 100px solid rgba(0, 0, 0, 0.7);\n\t\t}\n\n\t\t.view {\n\t\t\t\t\tmargin: 0 0 5% 0%;\n\t\t\t\n\t\t\t\t\tmargin: 5% 0%;\n\t\t\t\t}\n\n\t.mask {\n\t\tcursor: pointer;\n\t}\n<\/style>\n<script type=\"application\/javascript\">\n\tjQuery(document).ready(function () {\n\t\t\/\/ PhotoBox\n\t\tjQuery('#album_gallery_2024').photobox('a');\n\t\t\/\/ or with a fancier selector and some settings, and a callback:\n\t\tjQuery('#album_gallery_2024').photobox('a:first', { thumbs: false, time: 0 }, imageLoaded);\n\t\tfunction imageLoaded() {\n\t\t\tconsole.log('image has been loaded...');\n\t\t}\n\n\n\t\t\/\/Isotope function for masonary\n\t\tvar $grid = jQuery('.album_gallery_main').isotope({\n\t\t\t\/\/ options...\n\t\t\titemSelector: '.album_gallery_single',\n\t\t});\n\t\t\/\/ layout Isotope after each image loads\n\t\t$grid.imagesLoaded().progress(function () {\n\t\t\t$grid.isotope('layout');\n\t\t});\n\t});\n<\/script><\/p>\n<h5 class=\"wp-block-heading has-text-align-center\"><strong><br \/>Trophon geversianus<\/strong><\/h5>\n<p class=\"has-text-align-center\">Impression num\u00e9rique \/ Digital print<br \/>A4<br \/><div data-post-id=\"547\" class=\"insert-page insert-page-547 \"><div class=\"wp-block-columns is-layout-flex wp-container-core-columns-is-layout-9d6595d7 wp-block-columns-is-layout-flex\">\n<div class=\"wp-block-column is-layout-flow wp-block-column-is-layout-flow\" style=\"flex-basis:66.66%\">\n<p class=\"has-text-align-right\" style=\"font-size:8px\"><a href=\"https:\/\/art-of-fine.com\/?page_id=820\" data-type=\"page\" data-id=\"820\">Cette cr\u00e9ation est prot\u00e9g\u00e9e avec<br \/>This creation is protected by<\/a><\/p>\n<\/div>\n<div class=\"wp-block-column is-layout-flow wp-block-column-is-layout-flow\" style=\"flex-basis:33.33%\">\n<div class=\"wp-block-image\">\n<figure class=\"alignleft size-thumbnail is-resized\"><img loading=\"lazy\" decoding=\"async\" width=\"150\" height=\"150\" src=\"https:\/\/art-of-fine.com\/wp-content\/uploads\/Art-of-Fine-Secure-300x300-1-150x150.gif\" alt=\"\" class=\"wp-image-823\" style=\"width:30px\"\/><\/figure>\n<\/div>\n<\/div>\n<\/div>\n<\/div><\/p>\n<figure class=\"wp-block-pullquote\">\n<blockquote>\n<p>\u00a9 <a href=\"https:\/\/art-of-fine.com\/?page_id=46\" data-type=\"page\" data-id=\"46\"><strong>Martina Gulan<\/strong><\/a><\/p>\n<\/blockquote>\n<\/figure>\n<\/div>\n<\/div>\n<\/div>\n<\/div><\/div>\n\n\n\n<p><\/p>\n","protected":false},"excerpt":{"rendered":"","protected":false},"author":1,"featured_media":0,"parent":46,"menu_order":1008,"comment_status":"closed","ping_status":"closed","template":"","meta":{"_acf_changed":false,"iawp_total_views":1,"footnotes":""},"class_list":["post-1986","page","type-page","status-publish","hentry"],"acf":[],"_links":{"self":[{"href":"https:\/\/art-of-fine.com\/index.php?rest_route=\/wp\/v2\/pages\/1986","targetHints":{"allow":["GET"]}}],"collection":[{"href":"https:\/\/art-of-fine.com\/index.php?rest_route=\/wp\/v2\/pages"}],"about":[{"href":"https:\/\/art-of-fine.com\/index.php?rest_route=\/wp\/v2\/types\/page"}],"author":[{"embeddable":true,"href":"https:\/\/art-of-fine.com\/index.php?rest_route=\/wp\/v2\/users\/1"}],"replies":[{"embeddable":true,"href":"https:\/\/art-of-fine.com\/index.php?rest_route=%2Fwp%2Fv2%2Fcomments&post=1986"}],"version-history":[{"count":2,"href":"https:\/\/art-of-fine.com\/index.php?rest_route=\/wp\/v2\/pages\/1986\/revisions"}],"predecessor-version":[{"id":2028,"href":"https:\/\/art-of-fine.com\/index.php?rest_route=\/wp\/v2\/pages\/1986\/revisions\/2028"}],"up":[{"embeddable":true,"href":"https:\/\/art-of-fine.com\/index.php?rest_route=\/wp\/v2\/pages\/46"}],"wp:attachment":[{"href":"https:\/\/art-of-fine.com\/index.php?rest_route=%2Fwp%2Fv2%2Fmedia&parent=1986"}],"curies":[{"name":"wp","href":"https:\/\/api.w.org\/{rel}","templated":true}]}}