{"id":1816,"date":"2024-11-27T07:13:38","date_gmt":"2024-11-27T07:13:38","guid":{"rendered":"https:\/\/art-of-fine.com\/?page_id=1816"},"modified":"2025-05-06T15:52:12","modified_gmt":"2025-05-06T15:52:12","slug":"expositions-passees-past-exhibitions","status":"publish","type":"page","link":"https:\/\/art-of-fine.com\/?page_id=1816","title":{"rendered":"Expositions pass\u00e9es \/ Past exhibitions"},"content":{"rendered":"<div data-post-id=\"2037\" class=\"insert-page insert-page-2037 \"><div class=\"wp-block-image is-style-default\">\n<figure class=\"aligncenter size-full\"><img loading=\"lazy\" decoding=\"async\" width=\"800\" height=\"471\" src=\"https:\/\/art-of-fine.com\/wp-content\/uploads\/art3F-Luxembourg-2025.jpg\" alt=\"\" class=\"wp-image-2039\" style=\"object-fit:cover\" srcset=\"https:\/\/art-of-fine.com\/wp-content\/uploads\/art3F-Luxembourg-2025.jpg 800w, https:\/\/art-of-fine.com\/wp-content\/uploads\/art3F-Luxembourg-2025-300x177.jpg 300w, https:\/\/art-of-fine.com\/wp-content\/uploads\/art3F-Luxembourg-2025-768x452.jpg 768w\" sizes=\"auto, (max-width: 800px) 100vw, 800px\" \/><\/figure>\n<\/div>\n\n\n<div class=\"wp-block-buttons is-content-justification-center is-layout-flex wp-container-core-buttons-is-layout-16018d1d wp-block-buttons-is-layout-flex\">\n<div class=\"wp-block-button has-custom-font-size is-style-fill has-small-font-size\"><a class=\"wp-block-button__link has-text-align-center wp-element-button\" href=\"https:\/\/www.art3f.fr\/form\/fr-luxembourg-art-fair-exposant25\/\" target=\"_blank\" rel=\"noreferrer noopener\"><strong>Invitation gratuite<\/strong><\/a><\/div>\n<\/div>\n\n\n\n<p>Retrouvez nous sur le stand 37<\/p>\n\n\n\n<p><strong>\ud83d\udd52 Horaires<\/strong><br>&nbsp;&nbsp;&nbsp;&nbsp;&nbsp;&nbsp;&nbsp;Jeudi : 18h \u00e0 22h<br>&nbsp;&nbsp;&nbsp;&nbsp;&nbsp;&nbsp;&nbsp;Vendredi : 16h \u00e0 22h<br>&nbsp;&nbsp;&nbsp;&nbsp;&nbsp;&nbsp;&nbsp;Samedi : 11h \u00e0 20h<br>&nbsp;&nbsp;&nbsp;&nbsp;&nbsp;&nbsp;&nbsp;Dimanche : 11h \u00e0 19h<\/p>\n\n\n\n<p><strong>LuxExpo The Box<\/strong><br>rue Carlo Hemmer<br><strong>L-1347 Luxembourg-Kirchberg<\/strong><br>Entr\u00e9e Sud (en face d&rsquo;Auchan)<\/p>\n\n\n\n<div class=\"wp-block-gmap-gmap-block gmap-block-ymgre2hl\"><iframe src=\"https:\/\/maps.google.com\/maps?q=LuxExpo+The+Box+rue+Carlo+Hemmer+Entr%C3%A9e+Sud+%28en+face+d%E2%80%99Auchan%29+L-1347+Luxembourg-Kirchberg&amp;z=12&amp;t=roadmap&amp;output=embed\" class=\"embd-map\" title=\"LuxExpo The Box rue Carlo Hemmer Entr\u00e9e Sud (en face d\u2019Auchan) L-1347 Luxembourg-Kirchberg\"><\/iframe><\/div>\n\n\n\n<figure class=\"wp-block-video aligncenter\"><video height=\"776\" style=\"aspect-ratio: 480 \/ 776;\" width=\"480\" controls src=\"https:\/\/art-of-fine.com\/wp-content\/uploads\/1000001432.mp4\"><\/video><\/figure>\n<\/div>\n\n\n<div data-post-id=\"1260\" class=\"insert-page insert-page-1260 \"><div class=\"wp-block-image is-style-default\">\n<figure class=\"aligncenter size-full is-resized\"><img loading=\"lazy\" decoding=\"async\" width=\"800\" height=\"530\" src=\"https:\/\/art-of-fine.com\/wp-content\/uploads\/art3F-Paris-2025.jpg\" alt=\"\" class=\"wp-image-1264\" style=\"width:840px;height:auto\" srcset=\"https:\/\/art-of-fine.com\/wp-content\/uploads\/art3F-Paris-2025.jpg 800w, https:\/\/art-of-fine.com\/wp-content\/uploads\/art3F-Paris-2025-300x199.jpg 300w, https:\/\/art-of-fine.com\/wp-content\/uploads\/art3F-Paris-2025-768x509.jpg 768w\" sizes=\"auto, (max-width: 800px) 100vw, 800px\" \/><\/figure>\n<\/div>\n\n\n<div class=\"wp-block-columns is-layout-flex wp-container-core-columns-is-layout-9d6595d7 wp-block-columns-is-layout-flex\">\n<div class=\"wp-block-column is-vertically-aligned-center is-layout-flow wp-block-column-is-layout-flow\">\n<figure class=\"wp-block-image size-large\"><img loading=\"lazy\" decoding=\"async\" width=\"2048\" height=\"1171\" src=\"https:\/\/art-of-fine.com\/wp-content\/uploads\/Art3F-Paris-202501-V2-2048x1171.jpg\" alt=\"\" class=\"wp-image-2053\" srcset=\"https:\/\/art-of-fine.com\/wp-content\/uploads\/Art3F-Paris-202501-V2-2048x1171.jpg 2048w, https:\/\/art-of-fine.com\/wp-content\/uploads\/Art3F-Paris-202501-V2-300x172.jpg 300w, https:\/\/art-of-fine.com\/wp-content\/uploads\/Art3F-Paris-202501-V2-768x439.jpg 768w, https:\/\/art-of-fine.com\/wp-content\/uploads\/Art3F-Paris-202501-V2-1536x878.jpg 1536w\" sizes=\"auto, (max-width: 2048px) 100vw, 2048px\" \/><\/figure>\n<\/div>\n<\/div>\n\n\n\n<div class=\"wp-block-columns has-small-font-size is-layout-flex wp-container-core-columns-is-layout-9d6595d7 wp-block-columns-is-layout-flex\">\n<div class=\"wp-block-column is-layout-flow wp-block-column-is-layout-flow\">\n<div class=\"wp-block-media-text is-stacked-on-mobile is-vertically-aligned-center has-medium-font-size\" style=\"grid-template-columns:58% auto\"><figure class=\"wp-block-media-text__media\"><video controls src=\"https:\/\/art-of-fine.com\/wp-content\/uploads\/202501-Paris-Martina-GULAN-360x960-1.mp4\"><\/video><\/figure><div class=\"wp-block-media-text__content\">\n<p>Les \u0153uvres de Martina GULAN sur notre stand \u00e0 Art3f Paris<\/p>\n<\/div><\/div>\n<\/div>\n\n\n\n<div class=\"wp-block-column is-layout-flow wp-block-column-is-layout-flow\"><\/div>\n<\/div>\n<\/div>\n\n\n<div data-post-id=\"1254\" class=\"insert-page insert-page-1254 \"><div class=\"wp-block-image is-style-default\">\n<figure class=\"aligncenter size-large is-resized\"><img loading=\"lazy\" decoding=\"async\" width=\"2048\" height=\"1357\" src=\"https:\/\/art-of-fine.com\/wp-content\/uploads\/art3F-Bruxelles-2024-1-2048x1357.jpg\" alt=\"\" class=\"wp-image-1812\" style=\"width:800px\" srcset=\"https:\/\/art-of-fine.com\/wp-content\/uploads\/art3F-Bruxelles-2024-1-2048x1357.jpg 2048w, https:\/\/art-of-fine.com\/wp-content\/uploads\/art3F-Bruxelles-2024-1-300x199.jpg 300w, https:\/\/art-of-fine.com\/wp-content\/uploads\/art3F-Bruxelles-2024-1-768x509.jpg 768w, https:\/\/art-of-fine.com\/wp-content\/uploads\/art3F-Bruxelles-2024-1-1536x1018.jpg 1536w\" sizes=\"auto, (max-width: 2048px) 100vw, 2048px\" \/><\/figure>\n<\/div>\n\n\n<div class=\"wp-block-columns is-layout-flex wp-container-core-columns-is-layout-9d6595d7 wp-block-columns-is-layout-flex\">\n<div class=\"wp-block-column is-vertically-aligned-center is-layout-flow wp-block-column-is-layout-flow\" style=\"flex-basis:50%\"><div class=\"wp-block-image\">\n<figure class=\"aligncenter size-large is-resized\"><img loading=\"lazy\" decoding=\"async\" width=\"2048\" height=\"943\" src=\"https:\/\/art-of-fine.com\/wp-content\/uploads\/Bruxelles-2024-20241122_121610-2-2048x943.jpg\" alt=\"\" class=\"wp-image-1845\" style=\"width:393px;height:auto\" srcset=\"https:\/\/art-of-fine.com\/wp-content\/uploads\/Bruxelles-2024-20241122_121610-2-2048x943.jpg 2048w, https:\/\/art-of-fine.com\/wp-content\/uploads\/Bruxelles-2024-20241122_121610-2-300x138.jpg 300w, https:\/\/art-of-fine.com\/wp-content\/uploads\/Bruxelles-2024-20241122_121610-2-768x354.jpg 768w, https:\/\/art-of-fine.com\/wp-content\/uploads\/Bruxelles-2024-20241122_121610-2-1536x707.jpg 1536w\" sizes=\"auto, (max-width: 2048px) 100vw, 2048px\" \/><\/figure>\n<\/div><\/div>\n\n\n\n<div class=\"wp-block-column is-layout-flow wp-block-column-is-layout-flow\" style=\"flex-basis:50%\"><div class=\"wp-block-image\">\n<figure class=\"aligncenter size-large is-resized\"><img loading=\"lazy\" decoding=\"async\" width=\"1429\" height=\"2048\" src=\"https:\/\/art-of-fine.com\/wp-content\/uploads\/Bruxelles-2024-20241122_121546_edit_72711809431-2-1429x2048.jpg\" alt=\"\" class=\"wp-image-1846\" style=\"width:246px;height:auto\" srcset=\"https:\/\/art-of-fine.com\/wp-content\/uploads\/Bruxelles-2024-20241122_121546_edit_72711809431-2-1429x2048.jpg 1429w, https:\/\/art-of-fine.com\/wp-content\/uploads\/Bruxelles-2024-20241122_121546_edit_72711809431-2-209x300.jpg 209w, https:\/\/art-of-fine.com\/wp-content\/uploads\/Bruxelles-2024-20241122_121546_edit_72711809431-2-768x1100.jpg 768w, https:\/\/art-of-fine.com\/wp-content\/uploads\/Bruxelles-2024-20241122_121546_edit_72711809431-2-1072x1536.jpg 1072w, https:\/\/art-of-fine.com\/wp-content\/uploads\/Bruxelles-2024-20241122_121546_edit_72711809431-2.jpg 1555w\" sizes=\"auto, (max-width: 1429px) 100vw, 1429px\" \/><\/figure>\n<\/div><\/div>\n<\/div>\n<\/div>\n\n\n\n<p><\/p>\n","protected":false},"excerpt":{"rendered":"","protected":false},"author":1,"featured_media":0,"parent":1250,"menu_order":150,"comment_status":"closed","ping_status":"closed","template":"","meta":{"_acf_changed":false,"iawp_total_views":7,"footnotes":""},"class_list":["post-1816","page","type-page","status-publish","hentry"],"acf":[],"_links":{"self":[{"href":"https:\/\/art-of-fine.com\/index.php?rest_route=\/wp\/v2\/pages\/1816","targetHints":{"allow":["GET"]}}],"collection":[{"href":"https:\/\/art-of-fine.com\/index.php?rest_route=\/wp\/v2\/pages"}],"about":[{"href":"https:\/\/art-of-fine.com\/index.php?rest_route=\/wp\/v2\/types\/page"}],"author":[{"embeddable":true,"href":"https:\/\/art-of-fine.com\/index.php?rest_route=\/wp\/v2\/users\/1"}],"replies":[{"embeddable":true,"href":"https:\/\/art-of-fine.com\/index.php?rest_route=%2Fwp%2Fv2%2Fcomments&post=1816"}],"version-history":[{"count":8,"href":"https:\/\/art-of-fine.com\/index.php?rest_route=\/wp\/v2\/pages\/1816\/revisions"}],"predecessor-version":[{"id":2195,"href":"https:\/\/art-of-fine.com\/index.php?rest_route=\/wp\/v2\/pages\/1816\/revisions\/2195"}],"up":[{"embeddable":true,"href":"https:\/\/art-of-fine.com\/index.php?rest_route=\/wp\/v2\/pages\/1250"}],"wp:attachment":[{"href":"https:\/\/art-of-fine.com\/index.php?rest_route=%2Fwp%2Fv2%2Fmedia&parent=1816"}],"curies":[{"name":"wp","href":"https:\/\/api.w.org\/{rel}","templated":true}]}}